{"id":2,"date":"2024-01-08T22:08:16","date_gmt":"2024-01-08T22:08:16","guid":{"rendered":"https:\/\/fastgift.pl\/?page_id=2"},"modified":"2024-11-21T20:12:43","modified_gmt":"2024-11-21T20:12:43","slug":"sample-page","status":"publish","type":"page","link":"https:\/\/fastgift.pl\/","title":{"rendered":""},"content":{"rendered":"\n<h3 id=\"about\" class=\"anchor wp-block-heading\">O nas<\/h3>\n<h2 class=\"wp-block-heading\">O nas<\/h2>\n\n\n\n<p>Jeste\u015bmy pierwsz\u0105 w Polsce drukarni\u0105 3D specjalizuj\u0105ca si\u0119 w ekologicznych gad\u017cetach reklamowych! Wszystkie nasze produkty wykonane s\u0105 z filamentu PLA &#8211; ekologicznego tworzywa na bazie skrobi kukurydzianej, kt\u00f3re jest w pe\u0142ni biodegradowalne.<br>Produkujemy niestandardowe, spersonalizowane i ekologiczne gad\u017cety i no\u015bniki reklamowe; dzia\u0142amy b\u0142yskawicznie dostarczaj\u0105c naszym klientom innowacyjne produkty, wykonane z najwy\u017cszej jako\u015bci komponent\u00f3w.<br>Opr\u00f3cz gotowych rozwi\u0105za\u0144, oferujemy mo\u017cliwo\u015b\u0107 zaprojektowania i wykonania z nami Twojego wymarzonego produktu. Zapraszamy do kontaktu.<\/p>\n\n\n\n<h3 id=\"idea\" class=\"anchor wp-block-heading\">Idea<\/h3>\n<h2 class=\"wp-block-heading\">Idea<\/h2>\n\n\n\n<p>Wierzymy, \u017ce przysz\u0142o\u015b\u0107 produkcji mo\u017ce by\u0107 jednocze\u015bnie ekologiczna i nowatorska. Nasz\u0105 misj\u0105 jest dostarczanie klientom wyj\u0105tkowych produkt\u00f3w, kt\u00f3re nie tylko spe\u0142niaj\u0105 ich oczekiwania estetyczne i funkcjonalne, ale tak\u017ce przyczyniaj\u0105 si\u0119 do ochrony \u015brodowiska. Chcemy zmienia\u0107 spojrzenie na przemys\u0142 3D, wykorzystuj\u0105c nowoczesne technologie w zr\u00f3wnowa\u017cony spos\u00f3b.<\/p>\n\n\n<p><span id=\"gallery\" class=\"anchor\">Galeria<\/span><\/p>\n<h2 class=\"wp-block-heading\">Galeria<\/h2>\n\n\n<figure class=\"wp-block-gallery has-nested-images columns-default is-cropped wp-block-gallery-1 is-layout-flex wp-block-gallery-is-layout-flex\">\n<figure class=\"wp-block-image size-large\"><img fetchpriority=\"high\" decoding=\"async\" width=\"1024\" height=\"543\" data-id=\"136\" src=\"https:\/\/fastgift.pl\/wp-content\/uploads\/2024\/11\/polka-1024x543.png\" alt=\"\" class=\"wp-image-136\" srcset=\"https:\/\/fastgift.pl\/wp-content\/uploads\/2024\/11\/polka-1024x543.png 1024w, https:\/\/fastgift.pl\/wp-content\/uploads\/2024\/11\/polka-300x159.png 300w, https:\/\/fastgift.pl\/wp-content\/uploads\/2024\/11\/polka-768x407.png 768w, https:\/\/fastgift.pl\/wp-content\/uploads\/2024\/11\/polka-1536x814.png 1536w, https:\/\/fastgift.pl\/wp-content\/uploads\/2024\/11\/polka-685x363.png 685w, https:\/\/fastgift.pl\/wp-content\/uploads\/2024\/11\/polka.png 2000w\" sizes=\"(max-width: 1024px) 100vw, 1024px\" \/><\/figure>\n<\/figure>\n\n\n\n<figure class=\"wp-block-gallery has-nested-images columns-default is-cropped wp-block-gallery-2 is-layout-flex wp-block-gallery-is-layout-flex\">\n<figure class=\"wp-block-image size-large\"><img decoding=\"async\" width=\"1024\" height=\"695\" data-id=\"131\" src=\"https:\/\/fastgift.pl\/wp-content\/uploads\/2024\/11\/Photoroom-20241113_125217-1024x695.png\" alt=\"\" class=\"wp-image-131\" srcset=\"https:\/\/fastgift.pl\/wp-content\/uploads\/2024\/11\/Photoroom-20241113_125217-1024x695.png 1024w, https:\/\/fastgift.pl\/wp-content\/uploads\/2024\/11\/Photoroom-20241113_125217-300x204.png 300w, https:\/\/fastgift.pl\/wp-content\/uploads\/2024\/11\/Photoroom-20241113_125217-768x521.png 768w, https:\/\/fastgift.pl\/wp-content\/uploads\/2024\/11\/Photoroom-20241113_125217-1536x1042.png 1536w, https:\/\/fastgift.pl\/wp-content\/uploads\/2024\/11\/Photoroom-20241113_125217-685x465.png 685w, https:\/\/fastgift.pl\/wp-content\/uploads\/2024\/11\/Photoroom-20241113_125217.png 2000w\" sizes=\"(max-width: 1024px) 100vw, 1024px\" \/><\/figure>\n\n\n\n<figure class=\"wp-block-image size-large\"><img decoding=\"async\" width=\"1024\" height=\"612\" data-id=\"137\" src=\"https:\/\/fastgift.pl\/wp-content\/uploads\/2024\/11\/stojak-high-1024x612.png\" alt=\"\" class=\"wp-image-137\" srcset=\"https:\/\/fastgift.pl\/wp-content\/uploads\/2024\/11\/stojak-high-1024x612.png 1024w, https:\/\/fastgift.pl\/wp-content\/uploads\/2024\/11\/stojak-high-300x179.png 300w, https:\/\/fastgift.pl\/wp-content\/uploads\/2024\/11\/stojak-high-768x459.png 768w, https:\/\/fastgift.pl\/wp-content\/uploads\/2024\/11\/stojak-high-1536x918.png 1536w, https:\/\/fastgift.pl\/wp-content\/uploads\/2024\/11\/stojak-high-685x409.png 685w, https:\/\/fastgift.pl\/wp-content\/uploads\/2024\/11\/stojak-high.png 2000w\" sizes=\"(max-width: 1024px) 100vw, 1024px\" \/><\/figure>\n\n\n\n<figure class=\"wp-block-image size-large\"><img loading=\"lazy\" decoding=\"async\" width=\"1024\" height=\"694\" data-id=\"135\" src=\"https:\/\/fastgift.pl\/wp-content\/uploads\/2024\/11\/stojak-H-1024x694.png\" alt=\"\" class=\"wp-image-135\" srcset=\"https:\/\/fastgift.pl\/wp-content\/uploads\/2024\/11\/stojak-H-1024x694.png 1024w, https:\/\/fastgift.pl\/wp-content\/uploads\/2024\/11\/stojak-H-300x203.png 300w, https:\/\/fastgift.pl\/wp-content\/uploads\/2024\/11\/stojak-H-768x520.png 768w, https:\/\/fastgift.pl\/wp-content\/uploads\/2024\/11\/stojak-H-1536x1041.png 1536w, https:\/\/fastgift.pl\/wp-content\/uploads\/2024\/11\/stojak-H-685x464.png 685w, https:\/\/fastgift.pl\/wp-content\/uploads\/2024\/11\/stojak-H.png 2000w\" sizes=\"(max-width: 1024px) 100vw, 1024px\" \/><\/figure>\n\n\n\n<figure class=\"wp-block-image size-large\"><img loading=\"lazy\" decoding=\"async\" width=\"1024\" height=\"898\" data-id=\"134\" src=\"https:\/\/fastgift.pl\/wp-content\/uploads\/2024\/11\/Photoroom-20241113_125254-1024x898.png\" alt=\"\" class=\"wp-image-134\" srcset=\"https:\/\/fastgift.pl\/wp-content\/uploads\/2024\/11\/Photoroom-20241113_125254-1024x898.png 1024w, https:\/\/fastgift.pl\/wp-content\/uploads\/2024\/11\/Photoroom-20241113_125254-300x263.png 300w, https:\/\/fastgift.pl\/wp-content\/uploads\/2024\/11\/Photoroom-20241113_125254-768x673.png 768w, https:\/\/fastgift.pl\/wp-content\/uploads\/2024\/11\/Photoroom-20241113_125254-1536x1346.png 1536w, https:\/\/fastgift.pl\/wp-content\/uploads\/2024\/11\/Photoroom-20241113_125254-685x600.png 685w, https:\/\/fastgift.pl\/wp-content\/uploads\/2024\/11\/Photoroom-20241113_125254.png 2000w\" sizes=\"(max-width: 1024px) 100vw, 1024px\" \/><\/figure>\n\n\n\n<figure class=\"wp-block-image size-large\"><img loading=\"lazy\" decoding=\"async\" width=\"1024\" height=\"461\" data-id=\"133\" src=\"https:\/\/fastgift.pl\/wp-content\/uploads\/2024\/11\/Photoroom-20241113_125401-1024x461.png\" alt=\"\" class=\"wp-image-133\" srcset=\"https:\/\/fastgift.pl\/wp-content\/uploads\/2024\/11\/Photoroom-20241113_125401-1024x461.png 1024w, https:\/\/fastgift.pl\/wp-content\/uploads\/2024\/11\/Photoroom-20241113_125401-300x135.png 300w, https:\/\/fastgift.pl\/wp-content\/uploads\/2024\/11\/Photoroom-20241113_125401-768x346.png 768w, https:\/\/fastgift.pl\/wp-content\/uploads\/2024\/11\/Photoroom-20241113_125401-1536x692.png 1536w, https:\/\/fastgift.pl\/wp-content\/uploads\/2024\/11\/Photoroom-20241113_125401-685x309.png 685w, https:\/\/fastgift.pl\/wp-content\/uploads\/2024\/11\/Photoroom-20241113_125401.png 2000w\" sizes=\"(max-width: 1024px) 100vw, 1024px\" \/><\/figure>\n\n\n\n<figure class=\"wp-block-image size-large\"><img loading=\"lazy\" decoding=\"async\" width=\"1024\" height=\"652\" data-id=\"132\" src=\"https:\/\/fastgift.pl\/wp-content\/uploads\/2024\/11\/adapter-samochod-1024x652.png\" alt=\"\" class=\"wp-image-132\" srcset=\"https:\/\/fastgift.pl\/wp-content\/uploads\/2024\/11\/adapter-samochod-1024x652.png 1024w, https:\/\/fastgift.pl\/wp-content\/uploads\/2024\/11\/adapter-samochod-300x191.png 300w, https:\/\/fastgift.pl\/wp-content\/uploads\/2024\/11\/adapter-samochod-768x489.png 768w, https:\/\/fastgift.pl\/wp-content\/uploads\/2024\/11\/adapter-samochod-1536x978.png 1536w, https:\/\/fastgift.pl\/wp-content\/uploads\/2024\/11\/adapter-samochod-685x436.png 685w, https:\/\/fastgift.pl\/wp-content\/uploads\/2024\/11\/adapter-samochod.png 2000w\" sizes=\"(max-width: 1024px) 100vw, 1024px\" \/><\/figure>\n<\/figure>\n\n\n<p><span id=\"offer\" class=\"anchor\">Oferta<\/span><\/p>\n<p data-pm-slice=\"1 1 []\"><strong>Napisz do Nas a My przygotujemy dla ciebie darmowe sample gad\u017cet\u00f3w z logo twojej firmy!<\/strong><\/p>\n\n\n<div class=\"wpcf7 no-js\" id=\"wpcf7-f28-o1\" lang=\"pl-PL\" dir=\"ltr\" data-wpcf7-id=\"28\">\n<div class=\"screen-reader-response\"><p role=\"status\" aria-live=\"polite\" aria-atomic=\"true\"><\/p> <ul><\/ul><\/div>\n<form action=\"\/index.php?rest_route=%2Fwp%2Fv2%2Fpages%2F2#wpcf7-f28-o1\" method=\"post\" class=\"wpcf7-form init wpcf7-acceptance-as-validation\" aria-label=\"Formularz kontaktowy\" novalidate=\"novalidate\" data-status=\"init\">\n<fieldset class=\"hidden-fields-container\"><input type=\"hidden\" name=\"_wpcf7\" value=\"28\" \/><input type=\"hidden\" name=\"_wpcf7_version\" value=\"6.1.5\" \/><input type=\"hidden\" name=\"_wpcf7_locale\" value=\"pl_PL\" \/><input type=\"hidden\" name=\"_wpcf7_unit_tag\" value=\"wpcf7-f28-o1\" \/><input type=\"hidden\" name=\"_wpcf7_container_post\" value=\"0\" \/><input type=\"hidden\" name=\"_wpcf7_posted_data_hash\" value=\"\" \/><input type=\"hidden\" name=\"_wpcf7_recaptcha_response\" value=\"\" \/>\n<\/fieldset>\n<p><label> Twoje imi\u0119 i nazwisko<br \/>\n<span class=\"wpcf7-form-control-wrap\" data-name=\"your-name\"><input size=\"40\" maxlength=\"400\" class=\"wpcf7-form-control wpcf7-text wpcf7-validates-as-required\" autocomplete=\"name\" aria-required=\"true\" aria-invalid=\"false\" value=\"\" type=\"text\" name=\"your-name\" \/><\/span> <\/label>\n<\/p>\n<p><label> Tw\u00f3j adres e-mail<br \/>\n<span class=\"wpcf7-form-control-wrap\" data-name=\"your-email\"><input size=\"40\" maxlength=\"400\" class=\"wpcf7-form-control wpcf7-email wpcf7-validates-as-required wpcf7-text wpcf7-validates-as-email\" autocomplete=\"email\" aria-required=\"true\" aria-invalid=\"false\" value=\"\" type=\"email\" name=\"your-email\" \/><\/span> <\/label>\n<\/p>\n<p><label> Temat<br \/>\n<span class=\"wpcf7-form-control-wrap\" data-name=\"your-subject\"><input size=\"40\" maxlength=\"400\" class=\"wpcf7-form-control wpcf7-text wpcf7-validates-as-required\" aria-required=\"true\" aria-invalid=\"false\" value=\"\" type=\"text\" name=\"your-subject\" \/><\/span> <\/label>\n<\/p>\n<p><label> Twoja wiadomo\u015b\u0107<br \/>\n<span class=\"wpcf7-form-control-wrap\" data-name=\"your-message\"><textarea cols=\"40\" rows=\"10\" maxlength=\"2000\" class=\"wpcf7-form-control wpcf7-textarea\" aria-invalid=\"false\" name=\"your-message\"><\/textarea><\/span> <\/label><br \/>\n<span class=\"wpcf7-form-control-wrap\" data-name=\"acceptance-800\"><span class=\"wpcf7-form-control wpcf7-acceptance\"><span class=\"wpcf7-list-item\"><label><input type=\"checkbox\" name=\"acceptance-800\" value=\"1\" aria-invalid=\"false\" \/><span class=\"wpcf7-list-item-label\">Wyra\u017cam zgod\u0119 na przetwarzanie danych osobowych zgodnie z ustaw\u0105 o ochronie danych osobowych. Podanie danych jest dobrowolne, ale niezb\u0119dne do przetworzenia zaptania. Zosta\u0142em poinformowany, \u017ce przys\u0142uguje mi prawo dost\u0119pu do swoich danych, mo\u017cliwo\u015bci ich poprawienia, \u017c\u0105dania zaprzestania ich przetwrzania. Administratorem danych osobowych jest Heso Artur Jankowski ul. Powsta\u0144c\u00f3w \u015al\u0105skich 127 lokal 109, 01-355 Warszawa<\/span><\/label><\/span><\/span><\/span><br \/>\n<input class=\"wpcf7-form-control wpcf7-submit has-spinner\" type=\"submit\" value=\"Wy\u015blij\" \/>\n<\/p>\n<p style=\"display: none !important;\" class=\"akismet-fields-container\" data-prefix=\"_wpcf7_ak_\"><label>&#916;<textarea name=\"_wpcf7_ak_hp_textarea\" cols=\"45\" rows=\"8\" maxlength=\"100\"><\/textarea><\/label><input type=\"hidden\" id=\"ak_js_1\" name=\"_wpcf7_ak_js\" value=\"32\"\/><script type=\"text\/javascript\">\n\/* <![CDATA[ *\/\ndocument.getElementById( \"ak_js_1\" ).setAttribute( \"value\", ( new Date() ).getTime() );\n\/* ]]> *\/\n<\/script>\n<\/p><div class=\"wpcf7-response-output\" aria-hidden=\"true\"><\/div>\n<\/form>\n<\/div>\n\n\n\n<\/p>\n<p data-pm-slice=\"1 1 []\"><strong>Zapytaj o ofert\u0119 dla reseller\u00f3w!<\/strong><\/p>\n\n\n<p><strong>FASTGIFT<\/strong><br>ul. Powsta\u0144c\u00f3w \u015al\u0105skich 127 lokal 109<br>01-355 Warszawa<br>e-mail: info@fastgift.pl<br>tel. +48 534 70 60 50<\/p>\n\n\n\n<p>LinkedIn: <a href=\"https:\/\/www.linkedin.com\/company\/fast-gift\/about\/?viewAsMember=true\">FASTGIFT<\/a><\/p>\n\n\n\n<div class=\"wp-block-columns is-layout-flex wp-container-core-columns-is-layout-9d6595d7 wp-block-columns-is-layout-flex\">\n<div class=\"wp-block-column is-layout-flow wp-block-column-is-layout-flow\" style=\"flex-basis:25%\"><\/div>\n\n\n\n<div class=\"wp-block-column is-layout-flow wp-block-column-is-layout-flow\" style=\"flex-basis:50%\"><\/div>\n\n\n\n<div class=\"wp-block-column is-layout-flow wp-block-column-is-layout-flow\" style=\"flex-basis:25%\"><\/div>\n<\/div>\n","protected":false},"excerpt":{"rendered":"<p>O nas O nas Jeste\u015bmy pierwsz\u0105 w Polsce drukarni\u0105 3D specjalizuj\u0105ca si\u0119 w ekologicznych gad\u017cetach reklamowych! Wszystkie nasze produkty wykonane s\u0105 z filamentu PLA &#8211; ekologicznego tworzywa na bazie skrobi kukurydzianej, kt\u00f3re jest w pe\u0142ni biodegradowalne.Produkujemy niestandardowe, spersonalizowane i ekologiczne gad\u017cety i no\u015bniki reklamowe; dzia\u0142amy b\u0142yskawicznie dostarczaj\u0105c naszym klientom innowacyjne produkty, wykonane z najwy\u017cszej jako\u015bci &hellip; <a href=\"https:\/\/fastgift.pl\/\" class=\"more-link\">Czytaj dalej <span class=\"screen-reader-text\"><\/span><\/a><\/p>\n","protected":false},"author":1,"featured_media":0,"parent":0,"menu_order":0,"comment_status":"closed","ping_status":"closed","template":"","meta":{"footnotes":""},"class_list":["post-2","page","type-page","status-publish","hentry"],"_links":{"self":[{"href":"https:\/\/fastgift.pl\/index.php?rest_route=\/wp\/v2\/pages\/2","targetHints":{"allow":["GET"]}}],"collection":[{"href":"https:\/\/fastgift.pl\/index.php?rest_route=\/wp\/v2\/pages"}],"about":[{"href":"https:\/\/fastgift.pl\/index.php?rest_route=\/wp\/v2\/types\/page"}],"author":[{"embeddable":true,"href":"https:\/\/fastgift.pl\/index.php?rest_route=\/wp\/v2\/users\/1"}],"replies":[{"embeddable":true,"href":"https:\/\/fastgift.pl\/index.php?rest_route=%2Fwp%2Fv2%2Fcomments&post=2"}],"version-history":[{"count":39,"href":"https:\/\/fastgift.pl\/index.php?rest_route=\/wp\/v2\/pages\/2\/revisions"}],"predecessor-version":[{"id":141,"href":"https:\/\/fastgift.pl\/index.php?rest_route=\/wp\/v2\/pages\/2\/revisions\/141"}],"wp:attachment":[{"href":"https:\/\/fastgift.pl\/index.php?rest_route=%2Fwp%2Fv2%2Fmedia&parent=2"}],"curies":[{"name":"wp","href":"https:\/\/api.w.org\/{rel}","templated":true}]}}